{"id":1455,"date":"2023-06-01T08:57:22","date_gmt":"2023-06-01T08:57:22","guid":{"rendered":"https:\/\/dev.yalikavakhotels.com.tr\/gizlilik-politikasi\/"},"modified":"2023-08-08T10:12:48","modified_gmt":"2023-08-08T10:12:48","slug":"gizlilik-politikasi","status":"publish","type":"page","link":"https:\/\/yalikavakmarinahotels.com\/tr\/gizlilik-politikasi\/","title":{"rendered":"Gizlilik Politikas\u0131"},"content":{"rendered":"\t\t<div data-elementor-type=\"wp-page\" data-elementor-id=\"1455\" class=\"elementor elementor-1455 elementor-656\" data-elementor-post-type=\"page\">\n\t\t\t\t\t\t<section class=\"elementor-section elementor-top-section elementor-element elementor-element-49da0b8b elementor-section-boxed elementor-section-height-default elementor-section-height-default\" data-id=\"49da0b8b\" data-element_type=\"section\" data-e-type=\"section\">\n\t\t\t\t\t\t<div class=\"elementor-container elementor-column-gap-default\">\n\t\t\t\t\t<div class=\"elementor-column elementor-col-100 elementor-top-column elementor-element elementor-element-60688bce\" data-id=\"60688bce\" data-element_type=\"column\" data-e-type=\"column\">\n\t\t\t<div class=\"elementor-widget-wrap elementor-element-populated\">\n\t\t\t\t\t\t<div class=\"elementor-element elementor-element-1099d498 elementor-widget elementor-widget-text-editor\" data-id=\"1099d498\" data-element_type=\"widget\" data-e-type=\"widget\" data-widget_type=\"text-editor.default\">\n\t\t\t\t<div class=\"elementor-widget-container\">\n\t\t\t\t\t\t\t\t\t<p><\/p>\n<h2>Biz Kimiz<\/h2>\n<p><\/p>\n<p><strong class=\"privacy-policy-tutorial\">\u00d6nerilen metin: <\/strong>Web sitesi adresimiz: https:\/\/dev.yalikavakmarina.com.tr.<\/p>\n<p><\/p>\n<h2>Yorumlar<\/h2>\n<p><\/p>\n<p><strong class=\"privacy-policy-tutorial\">\u00d6nerilen metin: <\/strong>Ziyaret\u00e7iler siteye yorum b\u0131rakt\u0131\u011f\u0131nda, yorum formunda g\u00f6sterilen verileri ve ayr\u0131ca spam tespitine yard\u0131mc\u0131 olmak i\u00e7in ziyaret\u00e7inin IP adresini ve taray\u0131c\u0131 kullan\u0131c\u0131 arac\u0131s\u0131 dizesini toplar\u0131z.<\/p>\n<p><\/p>\n<p>E-posta adresinizden olu\u015fturulan anonimle\u015ftirilmi\u015f bir dize (hash olarak da adland\u0131r\u0131l\u0131r), kullan\u0131p kullanmad\u0131\u011f\u0131n\u0131z\u0131 g\u00f6rmek i\u00e7in Gravatar hizmetine sa\u011flanabilir. Gravatar hizmeti gizlilik politikas\u0131na buradan ula\u015fabilirsiniz: https:\/\/automattic.com\/privacy\/. Yorumunuz onayland\u0131ktan sonra, profil resminiz yorumunuz ba\u011flam\u0131nda herkese g\u00f6r\u00fcn\u00fcr.<\/p>\n<p><\/p>\n<h2>Medya<\/h2>\n<p><\/p>\n<p><strong class=\"privacy-policy-tutorial\">\u00d6nerilen metin: <\/strong>Web sitesine resim y\u00fckl\u00fcyorsan\u0131z, g\u00f6m\u00fcl\u00fc konum verileri (EXIF GPS) i\u00e7eren resimleri y\u00fcklemekten ka\u00e7\u0131nmal\u0131s\u0131n\u0131z. Web sitesinin ziyaret\u00e7ileri, web sitesindeki resimlerden herhangi bir konum verisini indirebilir ve \u00e7\u0131karabilir.<\/p>\n<p><\/p>\n<h2>\u00c7erezler<\/h2>\n<p><\/p>\n<p><strong class=\"privacy-policy-tutorial\">\u00d6nerilen metin: <\/strong>Sitemize bir yorum b\u0131rak\u0131rsan\u0131z, ad\u0131n\u0131z\u0131, e-posta adresinizi ve web sitenizi \u00e7erezlerde kaydetmeyi se\u00e7ebilirsiniz. Bunlar size kolayl\u0131k sa\u011flamak i\u00e7indir, b\u00f6ylece ba\u015fka bir yorum b\u0131rakt\u0131\u011f\u0131n\u0131zda bilgilerinizi tekrar doldurman\u0131z gerekmez. Bu kurabiyeler bir y\u0131l dayan\u0131r.<\/p>\n<p><\/p>\n<p>Giri\u015f sayfam\u0131z\u0131 ziyaret ederseniz, taray\u0131c\u0131n\u0131z\u0131n \u00e7erezleri kabul edip etmedi\u011fini belirlemek i\u00e7in ge\u00e7ici bir \u00e7erez ayarlayaca\u011f\u0131z. Bu \u00e7erez hi\u00e7bir ki\u015fisel veri i\u00e7ermez ve taray\u0131c\u0131n\u0131z\u0131 kapatt\u0131\u011f\u0131n\u0131zda at\u0131l\u0131r.<\/p>\n<p><\/p>\n<p>Oturum a\u00e7t\u0131\u011f\u0131n\u0131zda, oturum a\u00e7ma bilgilerinizi ve ekran g\u00f6r\u00fcnt\u00fcleme se\u00e7imlerinizi kaydetmek i\u00e7in birka\u00e7 \u00e7erez de ayarlayaca\u011f\u0131z. Giri\u015f \u00e7erezleri iki g\u00fcn, ekran se\u00e7enekleri \u00e7erezleri ise bir y\u0131l dayan\u0131r. &#8220;Beni Hat\u0131rla&#8221; se\u00e7ene\u011fini se\u00e7erseniz, oturum a\u00e7ma i\u015fleminiz iki hafta boyunca devam edecektir. Hesab\u0131n\u0131zdan \u00e7\u0131k\u0131\u015f yaparsan\u0131z, giri\u015f \u00e7erezleri kald\u0131r\u0131lacakt\u0131r.<\/p>\n<p><\/p>\n<p>Bir makaleyi d\u00fczenler veya yay\u0131nlarsan\u0131z, taray\u0131c\u0131n\u0131za ek bir \u00e7erez kaydedilecektir. Bu \u00e7erez hi\u00e7bir ki\u015fisel veri i\u00e7ermez ve sadece d\u00fczenledi\u011finiz makalenin g\u00f6nderi kimli\u011fini g\u00f6sterir. 1 g\u00fcn sonra s\u00fcresi dolar.<\/p>\n<p><\/p>\n<h2>Di\u011fer web sitelerinden g\u00f6m\u00fcl\u00fc i\u00e7erik<\/h2>\n<p><\/p>\n<p><strong class=\"privacy-policy-tutorial\">\u00d6nerilen metin: <\/strong>Bu sitedeki makaleler g\u00f6m\u00fcl\u00fc i\u00e7erik (\u00f6r. videolar, resimler, makaleler, vb.) i\u00e7erebilir. Di\u011fer web sitelerinden g\u00f6m\u00fclen i\u00e7erik, ziyaret\u00e7i di\u011fer web sitesini ziyaret etmi\u015f gibi ayn\u0131 \u015fekilde davran\u0131r.<\/p>\n<p><\/p>\n<p>Bu web siteleri hakk\u0131n\u0131zda veri toplayabilir, \u00e7erez kullanabilir, ek \u00fc\u00e7\u00fcnc\u00fc taraf takibi yerle\u015ftirebilir ve bir hesab\u0131n\u0131z varsa ve s\u00f6z konusu web sitesinde oturum a\u00e7t\u0131ysan\u0131z yerle\u015ftirilen i\u00e7erikle etkile\u015fiminizi izlemek de dahil olmak \u00fczere bu yerle\u015ftirilen i\u00e7erikle etkile\u015fiminizi izleyebilir.<\/p>\n<p><\/p>\n<h2>Verilerinizi kimlerle payla\u015f\u0131yoruz<\/h2>\n<p><\/p>\n<p><strong class=\"privacy-policy-tutorial\">\u00d6nerilen metin: <\/strong>Parola s\u0131f\u0131rlama talebinde bulunursan\u0131z, IP adresiniz s\u0131f\u0131rlama e-postas\u0131na dahil edilecektir.<\/p>\n<p><\/p>\n<h2>Verilerinizi ne kadar s\u00fcreyle sakl\u0131yoruz<\/h2>\n<p><\/p>\n<p><strong class=\"privacy-policy-tutorial\">\u00d6nerilen metin: <\/strong>Bir yorum b\u0131rak\u0131rsan\u0131z, yorum ve meta verileri s\u00fcresiz olarak saklan\u0131r. Bu sayede, takip eden yorumlar\u0131 moderasyon kuyru\u011funda bekletmek yerine otomatik olarak tan\u0131yabilir ve onaylayabiliriz.<\/p>\n<p><\/p>\n<p>Web sitemize kaydolan kullan\u0131c\u0131lar i\u00e7in (varsa), sa\u011flad\u0131klar\u0131 ki\u015fisel bilgileri kullan\u0131c\u0131 profillerinde de saklar\u0131z. T\u00fcm kullan\u0131c\u0131lar ki\u015fisel bilgilerini istedikleri zaman g\u00f6rebilir, d\u00fczenleyebilir veya silebilirler (kullan\u0131c\u0131 adlar\u0131n\u0131 de\u011fi\u015ftiremezler hari\u00e7). Web sitesi y\u00f6neticileri de bu bilgileri g\u00f6rebilir ve d\u00fczenleyebilir.<\/p>\n<p><\/p>\n<h2>Verileriniz \u00fczerinde sahip oldu\u011funuz haklar<\/h2>\n<p><\/p>\n<p><strong class=\"privacy-policy-tutorial\">\u00d6nerilen metin: <\/strong>Bu sitede bir hesab\u0131n\u0131z varsa veya yorum b\u0131rakt\u0131ysan\u0131z, bize sa\u011flad\u0131\u011f\u0131n\u0131z veriler de dahil olmak \u00fczere hakk\u0131n\u0131zda tuttu\u011fumuz ki\u015fisel verilerin d\u0131\u015fa aktar\u0131lm\u0131\u015f bir dosyas\u0131n\u0131 almay\u0131 talep edebilirsiniz. Ayr\u0131ca hakk\u0131n\u0131zda tuttu\u011fumuz t\u00fcm ki\u015fisel verileri silmemizi de talep edebilirsiniz. Bu, idari, yasal veya g\u00fcvenlik ama\u00e7lar\u0131 i\u00e7in saklamak zorunda oldu\u011fumuz verileri i\u00e7ermez.<\/p>\n<p><\/p>\n<h2>Verilerinizin g\u00f6nderildi\u011fi yer<\/h2>\n<p><\/p>\n<p><strong class=\"privacy-policy-tutorial\">\u00d6nerilen metin: <\/strong>Ziyaret\u00e7i yorumlar\u0131 otomatik bir spam alg\u0131lama hizmeti arac\u0131l\u0131\u011f\u0131yla kontrol edilebilir.<\/p>\n<p><\/p>\n\t\t\t\t\t\t\t\t<\/div>\n\t\t\t\t<\/div>\n\t\t\t\t\t<\/div>\n\t\t<\/div>\n\t\t\t\t\t<\/div>\n\t\t<\/section>\n\t\t\t\t<\/div>\n\t\t","protected":false},"excerpt":{"rendered":"<p>Biz Kimiz \u00d6nerilen metin: Web sitesi adresimiz: https:\/\/dev.yalikavakmarina.com.tr. Yorumlar \u00d6nerilen metin: Ziyaret\u00e7iler siteye yorum b\u0131rakt\u0131\u011f\u0131nda, yorum formunda g\u00f6sterilen verileri ve ayr\u0131ca spam tespitine yard\u0131mc\u0131 olmak i\u00e7in ziyaret\u00e7inin IP adresini ve taray\u0131c\u0131 kullan\u0131c\u0131 arac\u0131s\u0131 dizesini toplar\u0131z. E-posta adresinizden olu\u015fturulan anonimle\u015ftirilmi\u015f bir dize (hash olarak da adland\u0131r\u0131l\u0131r), kullan\u0131p kullanmad\u0131\u011f\u0131n\u0131z\u0131 g\u00f6rmek i\u00e7in Gravatar hizmetine sa\u011flanabilir. Gravatar hizmeti gizlilik [&hellip;]<\/p>\n","protected":false},"author":1,"featured_media":0,"parent":0,"menu_order":0,"comment_status":"closed","ping_status":"open","template":"","meta":{"footnotes":""},"class_list":["post-1455","page","type-page","status-publish","hentry"],"yoast_head":"<!-- This site is optimized with the Yoast SEO plugin v27.2 - https:\/\/yoast.com\/product\/yoast-seo-wordpress\/ -->\n<title>Gizlilik Politikas\u0131 - Yal\u0131kavak Marina Hotels<\/title>\n<meta name=\"robots\" content=\"index, follow, max-snippet:-1, max-image-preview:large, max-video-preview:-1\" \/>\n<link rel=\"canonical\" href=\"https:\/\/yalikavakmarinahotels.com\/privacy-policy-2\/\" \/>\n<meta property=\"og:locale\" content=\"tr_TR\" \/>\n<meta property=\"og:type\" content=\"article\" \/>\n<meta property=\"og:title\" content=\"Gizlilik Politikas\u0131 - Yal\u0131kavak Marina Hotels\" \/>\n<meta property=\"og:description\" content=\"Biz Kimiz \u00d6nerilen metin: Web sitesi adresimiz: https:\/\/dev.yalikavakmarina.com.tr. Yorumlar \u00d6nerilen metin: Ziyaret\u00e7iler siteye yorum b\u0131rakt\u0131\u011f\u0131nda, yorum formunda g\u00f6sterilen verileri ve ayr\u0131ca spam tespitine yard\u0131mc\u0131 olmak i\u00e7in ziyaret\u00e7inin IP adresini ve taray\u0131c\u0131 kullan\u0131c\u0131 arac\u0131s\u0131 dizesini toplar\u0131z. E-posta adresinizden olu\u015fturulan anonimle\u015ftirilmi\u015f bir dize (hash olarak da adland\u0131r\u0131l\u0131r), kullan\u0131p kullanmad\u0131\u011f\u0131n\u0131z\u0131 g\u00f6rmek i\u00e7in Gravatar hizmetine sa\u011flanabilir. Gravatar hizmeti gizlilik [&hellip;]\" \/>\n<meta property=\"og:url\" content=\"https:\/\/yalikavakmarinahotels.com\/privacy-policy-2\/\" \/>\n<meta property=\"og:site_name\" content=\"Yal\u0131kavak Marina Hotels\" \/>\n<meta property=\"article:modified_time\" content=\"2023-08-08T10:12:48+00:00\" \/>\n<meta name=\"twitter:card\" content=\"summary_large_image\" \/>\n<meta name=\"twitter:label1\" content=\"Tahmini okuma s\u00fcresi\" \/>\n\t<meta name=\"twitter:data1\" content=\"3 dakika\" \/>\n<script type=\"application\/ld+json\" class=\"yoast-schema-graph\">{\"@context\":\"https:\/\/schema.org\",\"@graph\":[{\"@type\":\"WebPage\",\"@id\":\"https:\/\/yalikavakmarinahotels.com\/privacy-policy-2\/\",\"url\":\"https:\/\/yalikavakmarinahotels.com\/privacy-policy-2\/\",\"name\":\"Gizlilik Politikas\u0131 - Yal\u0131kavak Marina Hotels\",\"isPartOf\":{\"@id\":\"https:\/\/yalikavakmarinahotels.com\/#website\"},\"datePublished\":\"2023-06-01T08:57:22+00:00\",\"dateModified\":\"2023-08-08T10:12:48+00:00\",\"breadcrumb\":{\"@id\":\"https:\/\/yalikavakmarinahotels.com\/privacy-policy-2\/#breadcrumb\"},\"inLanguage\":\"tr\",\"potentialAction\":[{\"@type\":\"ReadAction\",\"target\":[\"https:\/\/yalikavakmarinahotels.com\/privacy-policy-2\/\"]}]},{\"@type\":\"BreadcrumbList\",\"@id\":\"https:\/\/yalikavakmarinahotels.com\/privacy-policy-2\/#breadcrumb\",\"itemListElement\":[{\"@type\":\"ListItem\",\"position\":1,\"name\":\"Home\",\"item\":\"https:\/\/yalikavakmarinahotels.com\/tr\/\"},{\"@type\":\"ListItem\",\"position\":2,\"name\":\"Gizlilik Politikas\u0131\"}]},{\"@type\":\"WebSite\",\"@id\":\"https:\/\/yalikavakmarinahotels.com\/#website\",\"url\":\"https:\/\/yalikavakmarinahotels.com\/\",\"name\":\"Yal\u0131kavak Marina Hotels\",\"description\":\"\",\"publisher\":{\"@id\":\"https:\/\/yalikavakmarinahotels.com\/#organization\"},\"potentialAction\":[{\"@type\":\"SearchAction\",\"target\":{\"@type\":\"EntryPoint\",\"urlTemplate\":\"https:\/\/yalikavakmarinahotels.com\/?s={search_term_string}\"},\"query-input\":{\"@type\":\"PropertyValueSpecification\",\"valueRequired\":true,\"valueName\":\"search_term_string\"}}],\"inLanguage\":\"tr\"},{\"@type\":\"Organization\",\"@id\":\"https:\/\/yalikavakmarinahotels.com\/#organization\",\"name\":\"Yal\u0131kavak Marina Hotels\",\"url\":\"https:\/\/yalikavakmarinahotels.com\/\",\"logo\":{\"@type\":\"ImageObject\",\"inLanguage\":\"tr\",\"@id\":\"https:\/\/yalikavakmarinahotels.com\/#\/schema\/logo\/image\/\",\"url\":\"https:\/\/yalikavakmarinahotels.com\/wp-content\/uploads\/2023\/09\/cropped-Asset-2-1.png\",\"contentUrl\":\"https:\/\/yalikavakmarinahotels.com\/wp-content\/uploads\/2023\/09\/cropped-Asset-2-1.png\",\"width\":76,\"height\":71,\"caption\":\"Yal\u0131kavak Marina Hotels\"},\"image\":{\"@id\":\"https:\/\/yalikavakmarinahotels.com\/#\/schema\/logo\/image\/\"}}]}<\/script>\n<!-- \/ Yoast SEO plugin. -->","yoast_head_json":{"title":"Gizlilik Politikas\u0131 - Yal\u0131kavak Marina Hotels","robots":{"index":"index","follow":"follow","max-snippet":"max-snippet:-1","max-image-preview":"max-image-preview:large","max-video-preview":"max-video-preview:-1"},"canonical":"https:\/\/yalikavakmarinahotels.com\/privacy-policy-2\/","og_locale":"tr_TR","og_type":"article","og_title":"Gizlilik Politikas\u0131 - Yal\u0131kavak Marina Hotels","og_description":"Biz Kimiz \u00d6nerilen metin: Web sitesi adresimiz: https:\/\/dev.yalikavakmarina.com.tr. Yorumlar \u00d6nerilen metin: Ziyaret\u00e7iler siteye yorum b\u0131rakt\u0131\u011f\u0131nda, yorum formunda g\u00f6sterilen verileri ve ayr\u0131ca spam tespitine yard\u0131mc\u0131 olmak i\u00e7in ziyaret\u00e7inin IP adresini ve taray\u0131c\u0131 kullan\u0131c\u0131 arac\u0131s\u0131 dizesini toplar\u0131z. E-posta adresinizden olu\u015fturulan anonimle\u015ftirilmi\u015f bir dize (hash olarak da adland\u0131r\u0131l\u0131r), kullan\u0131p kullanmad\u0131\u011f\u0131n\u0131z\u0131 g\u00f6rmek i\u00e7in Gravatar hizmetine sa\u011flanabilir. Gravatar hizmeti gizlilik [&hellip;]","og_url":"https:\/\/yalikavakmarinahotels.com\/privacy-policy-2\/","og_site_name":"Yal\u0131kavak Marina Hotels","article_modified_time":"2023-08-08T10:12:48+00:00","twitter_card":"summary_large_image","twitter_misc":{"Tahmini okuma s\u00fcresi":"3 dakika"},"schema":{"@context":"https:\/\/schema.org","@graph":[{"@type":"WebPage","@id":"https:\/\/yalikavakmarinahotels.com\/privacy-policy-2\/","url":"https:\/\/yalikavakmarinahotels.com\/privacy-policy-2\/","name":"Gizlilik Politikas\u0131 - Yal\u0131kavak Marina Hotels","isPartOf":{"@id":"https:\/\/yalikavakmarinahotels.com\/#website"},"datePublished":"2023-06-01T08:57:22+00:00","dateModified":"2023-08-08T10:12:48+00:00","breadcrumb":{"@id":"https:\/\/yalikavakmarinahotels.com\/privacy-policy-2\/#breadcrumb"},"inLanguage":"tr","potentialAction":[{"@type":"ReadAction","target":["https:\/\/yalikavakmarinahotels.com\/privacy-policy-2\/"]}]},{"@type":"BreadcrumbList","@id":"https:\/\/yalikavakmarinahotels.com\/privacy-policy-2\/#breadcrumb","itemListElement":[{"@type":"ListItem","position":1,"name":"Home","item":"https:\/\/yalikavakmarinahotels.com\/tr\/"},{"@type":"ListItem","position":2,"name":"Gizlilik Politikas\u0131"}]},{"@type":"WebSite","@id":"https:\/\/yalikavakmarinahotels.com\/#website","url":"https:\/\/yalikavakmarinahotels.com\/","name":"Yal\u0131kavak Marina Hotels","description":"","publisher":{"@id":"https:\/\/yalikavakmarinahotels.com\/#organization"},"potentialAction":[{"@type":"SearchAction","target":{"@type":"EntryPoint","urlTemplate":"https:\/\/yalikavakmarinahotels.com\/?s={search_term_string}"},"query-input":{"@type":"PropertyValueSpecification","valueRequired":true,"valueName":"search_term_string"}}],"inLanguage":"tr"},{"@type":"Organization","@id":"https:\/\/yalikavakmarinahotels.com\/#organization","name":"Yal\u0131kavak Marina Hotels","url":"https:\/\/yalikavakmarinahotels.com\/","logo":{"@type":"ImageObject","inLanguage":"tr","@id":"https:\/\/yalikavakmarinahotels.com\/#\/schema\/logo\/image\/","url":"https:\/\/yalikavakmarinahotels.com\/wp-content\/uploads\/2023\/09\/cropped-Asset-2-1.png","contentUrl":"https:\/\/yalikavakmarinahotels.com\/wp-content\/uploads\/2023\/09\/cropped-Asset-2-1.png","width":76,"height":71,"caption":"Yal\u0131kavak Marina Hotels"},"image":{"@id":"https:\/\/yalikavakmarinahotels.com\/#\/schema\/logo\/image\/"}}]}},"_links":{"self":[{"href":"https:\/\/yalikavakmarinahotels.com\/tr\/wp-json\/wp\/v2\/pages\/1455","targetHints":{"allow":["GET"]}}],"collection":[{"href":"https:\/\/yalikavakmarinahotels.com\/tr\/wp-json\/wp\/v2\/pages"}],"about":[{"href":"https:\/\/yalikavakmarinahotels.com\/tr\/wp-json\/wp\/v2\/types\/page"}],"author":[{"embeddable":true,"href":"https:\/\/yalikavakmarinahotels.com\/tr\/wp-json\/wp\/v2\/users\/1"}],"replies":[{"embeddable":true,"href":"https:\/\/yalikavakmarinahotels.com\/tr\/wp-json\/wp\/v2\/comments?post=1455"}],"version-history":[{"count":3,"href":"https:\/\/yalikavakmarinahotels.com\/tr\/wp-json\/wp\/v2\/pages\/1455\/revisions"}],"predecessor-version":[{"id":1462,"href":"https:\/\/yalikavakmarinahotels.com\/tr\/wp-json\/wp\/v2\/pages\/1455\/revisions\/1462"}],"wp:attachment":[{"href":"https:\/\/yalikavakmarinahotels.com\/tr\/wp-json\/wp\/v2\/media?parent=1455"}],"curies":[{"name":"wp","href":"https:\/\/api.w.org\/{rel}","templated":true}]}}