{"id":1452,"date":"2023-07-20T06:56:07","date_gmt":"2023-07-20T06:56:07","guid":{"rendered":"https:\/\/dev.yalikavakhotels.com.tr\/bize-ulasin\/"},"modified":"2026-03-26T08:58:50","modified_gmt":"2026-03-26T08:58:50","slug":"bize-ulasin","status":"publish","type":"page","link":"https:\/\/yalikavakmarinahotels.com\/tr\/bize-ulasin\/","title":{"rendered":"Bize Ula\u015f\u0131n"},"content":{"rendered":"\t\t<div data-elementor-type=\"wp-page\" data-elementor-id=\"1452\" class=\"elementor elementor-1452 elementor-40\" data-elementor-post-type=\"page\">\n\t\t\t\t\t\t<section class=\"elementor-section elementor-top-section elementor-element elementor-element-6e18f55a elementor-section-content-middle elementor-section-boxed elementor-section-height-default elementor-section-height-default\" data-id=\"6e18f55a\" data-element_type=\"section\" data-e-type=\"section\">\n\t\t\t\t\t\t<div class=\"elementor-container elementor-column-gap-default\">\n\t\t\t\t\t<div class=\"elementor-column elementor-col-100 elementor-top-column elementor-element elementor-element-51e16c1a\" data-id=\"51e16c1a\" data-element_type=\"column\" data-e-type=\"column\">\n\t\t\t<div class=\"elementor-widget-wrap elementor-element-populated\">\n\t\t\t\t\t\t<div class=\"elementor-element elementor-element-7218cd90 elementor-widget elementor-widget-heading\" data-id=\"7218cd90\" data-element_type=\"widget\" data-e-type=\"widget\" data-widget_type=\"heading.default\">\n\t\t\t\t<div class=\"elementor-widget-container\">\n\t\t\t\t\t<h1 class=\"elementor-heading-title elementor-size-default\">Bize Ula\u015f\u0131n\n<\/h1>\t\t\t\t<\/div>\n\t\t\t\t<\/div>\n\t\t\t\t<div class=\"elementor-element elementor-element-7d5fde8 elementor-widget-divider--separator-type-pattern elementor-widget-divider--view-line elementor-widget elementor-widget-divider\" data-id=\"7d5fde8\" data-element_type=\"widget\" data-e-type=\"widget\" data-widget_type=\"divider.default\">\n\t\t\t\t<div class=\"elementor-widget-container\">\n\t\t\t\t\t\t\t<div class=\"elementor-divider\" style=\"--divider-pattern-url: url(&quot;data:image\/svg+xml,%3Csvg xmlns=&#039;http:\/\/www.w3.org\/2000\/svg&#039; preserveAspectRatio=&#039;none&#039; overflow=&#039;visible&#039; height=&#039;100%&#039; viewBox=&#039;0 0 24 24&#039; fill=&#039;none&#039; stroke=&#039;black&#039; stroke-width=&#039;1&#039; stroke-linecap=&#039;square&#039; stroke-miterlimit=&#039;10&#039;%3E%3Cpath d=&#039;M0,6c6,0,6,13,12,13S18,6,24,6&#039;\/%3E%3C\/svg%3E&quot;);\">\n\t\t\t<span class=\"elementor-divider-separator\">\n\t\t\t\t\t\t<\/span>\n\t\t<\/div>\n\t\t\t\t\t\t<\/div>\n\t\t\t\t<\/div>\n\t\t\t\t<div class=\"elementor-element elementor-element-9d77d05 elementor-widget elementor-widget-text-editor\" data-id=\"9d77d05\" data-element_type=\"widget\" data-e-type=\"widget\" data-widget_type=\"text-editor.default\">\n\t\t\t\t<div class=\"elementor-widget-container\">\n\t\t\t\t\t\t\t\t\t<p>Yal\u0131kavak Marina Hotel by Social Living Collection&#8217;da canl\u0131 enerjiyi deneyimleyin! Canl\u0131l\u0131k ve zarafetle dolu sofistike oda ve s\u00fcitleri deneyimleyin. Rahatlay\u0131n ve g\u00fczel tasarlanm\u0131\u015f &#8216;Bodrum Evi&#8217; odalar\u0131n\u0131 bulaca\u011f\u0131n\u0131z Yal\u0131kavak Marina\u00ae Garden Hotel&#8217;in davetkar ortam\u0131n\u0131n keyfini \u00e7\u0131kar\u0131n.<\/p>\t\t\t\t\t\t\t\t<\/div>\n\t\t\t\t<\/div>\n\t\t\t\t<section class=\"elementor-section elementor-inner-section elementor-element elementor-element-0fead51 elementor-section-boxed elementor-section-height-default elementor-section-height-default elementor-invisible\" data-id=\"0fead51\" data-element_type=\"section\" data-e-type=\"section\" data-settings=\"{&quot;animation&quot;:&quot;fadeInUp&quot;}\">\n\t\t\t\t\t\t<div class=\"elementor-container elementor-column-gap-default\">\n\t\t\t\t\t<div class=\"elementor-column elementor-col-33 elementor-inner-column elementor-element elementor-element-239173f\" data-id=\"239173f\" data-element_type=\"column\" data-e-type=\"column\">\n\t\t\t<div class=\"elementor-widget-wrap elementor-element-populated\">\n\t\t\t\t\t\t<div class=\"elementor-element elementor-element-de1f886 elementor-view-default elementor-position-block-start elementor-mobile-position-block-start elementor-widget elementor-widget-icon-box\" data-id=\"de1f886\" data-element_type=\"widget\" data-e-type=\"widget\" data-widget_type=\"icon-box.default\">\n\t\t\t\t<div class=\"elementor-widget-container\">\n\t\t\t\t\t\t\t<div class=\"elementor-icon-box-wrapper\">\n\n\t\t\t\t\t\t<div class=\"elementor-icon-box-icon\">\n\t\t\t\t<a href=\"tel:+90%20252%20311%200611\" class=\"elementor-icon\" tabindex=\"-1\" aria-label=\"B\u0130Z\u0130 ARAYIN\">\n\t\t\t\t<svg xmlns=\"http:\/\/www.w3.org\/2000\/svg\" width=\"24\" height=\"24\" viewBox=\"0 0 24 24\" fill=\"none\"><path d=\"M3.77762 11.9424C2.8296 10.2893 2.37185 8.93948 2.09584 7.57121C1.68762 5.54758 2.62181 3.57081 4.16938 2.30947C4.82345 1.77638 5.57323 1.95852 5.96 2.6524L6.83318 4.21891C7.52529 5.46057 7.87134 6.08139 7.8027 6.73959C7.73407 7.39779 7.26737 7.93386 6.33397 9.00601L3.77762 11.9424ZM3.77762 11.9424C5.69651 15.2883 8.70784 18.3013 12.0576 20.2224M12.0576 20.2224C13.7107 21.1704 15.0605 21.6282 16.4288 21.9042C18.4524 22.3124 20.4292 21.3782 21.6905 19.8306C22.2236 19.1766 22.0415 18.4268 21.3476 18.04L19.7811 17.1668C18.5394 16.4747 17.9186 16.1287 17.2604 16.1973C16.6022 16.2659 16.0661 16.7326 14.994 17.666L12.0576 20.2224Z\" stroke=\"#9D8434\" stroke-width=\"1.5\" stroke-linejoin=\"round\"><\/path><\/svg>\t\t\t\t<\/a>\n\t\t\t<\/div>\n\t\t\t\n\t\t\t\t\t\t<div class=\"elementor-icon-box-content\">\n\n\t\t\t\t\t\t\t\t\t<h3 class=\"elementor-icon-box-title\">\n\t\t\t\t\t\t<a href=\"tel:+90%20252%20311%200611\" >\n\t\t\t\t\t\t\tB\u0130Z\u0130 ARAYIN\t\t\t\t\t\t<\/a>\n\t\t\t\t\t<\/h3>\n\t\t\t\t\n\t\t\t\t\t\t\t\t\t<p class=\"elementor-icon-box-description\">\n\t\t\t\t\t\t+90 252 970 0060\t\t\t\t\t<\/p>\n\t\t\t\t\n\t\t\t<\/div>\n\t\t\t\n\t\t<\/div>\n\t\t\t\t\t\t<\/div>\n\t\t\t\t<\/div>\n\t\t\t\t\t<\/div>\n\t\t<\/div>\n\t\t\t\t<div class=\"elementor-column elementor-col-33 elementor-inner-column elementor-element elementor-element-c543658\" data-id=\"c543658\" data-element_type=\"column\" data-e-type=\"column\">\n\t\t\t<div class=\"elementor-widget-wrap elementor-element-populated\">\n\t\t\t\t\t\t<div class=\"elementor-element elementor-element-f1cde63 elementor-view-default elementor-position-block-start elementor-mobile-position-block-start elementor-widget elementor-widget-icon-box\" data-id=\"f1cde63\" data-element_type=\"widget\" data-e-type=\"widget\" data-widget_type=\"icon-box.default\">\n\t\t\t\t<div class=\"elementor-widget-container\">\n\t\t\t\t\t\t\t<div class=\"elementor-icon-box-wrapper\">\n\n\t\t\t\t\t\t<div class=\"elementor-icon-box-icon\">\n\t\t\t\t<span  class=\"elementor-icon\">\n\t\t\t\t<svg xmlns=\"http:\/\/www.w3.org\/2000\/svg\" width=\"24\" height=\"24\" viewBox=\"0 0 24 24\" fill=\"none\"><path d=\"M5.25345 4.19584L4.02558 4.90813C3.03739 5.48137 2.54329 5.768 2.27164 6.24483C2 6.72165 2 7.30233 2 8.46368V16.6283C2 18.1542 2 18.9172 2.34226 19.3418C2.57001 19.6244 2.88916 19.8143 3.242 19.8773C3.77226 19.9719 4.42148 19.5953 5.71987 18.8421C6.60156 18.3306 7.45011 17.7994 8.50487 17.9435C8.98466 18.009 9.44231 18.2366 10.3576 18.6917L14.1715 20.588C14.9964 20.9982 15.004 21 15.9214 21H18C19.8856 21 20.8284 21 21.4142 20.4013C22 19.8026 22 18.8389 22 16.9117V10.1715C22 8.24423 22 7.2806 21.4142 6.68188C20.8284 6.08316 19.8856 6.08316 18 6.08316H15.9214C15.004 6.08316 14.9964 6.08139 14.1715 5.6712L10.8399 4.01463C9.44884 3.32297 8.75332 2.97714 8.01238 3.00117C7.27143 3.02521 6.59877 3.41542 5.25345 4.19584Z\" stroke=\"#9D8434\" stroke-width=\"1.5\" stroke-linecap=\"round\" stroke-linejoin=\"round\"><\/path><path d=\"M8 3L8 17.5\" stroke=\"#9D8434\" stroke-width=\"1.5\" stroke-linecap=\"round\" stroke-linejoin=\"round\"><\/path><path d=\"M15 6.5L15 20.5\" stroke=\"#9D8434\" stroke-width=\"1.5\" stroke-linecap=\"round\" stroke-linejoin=\"round\"><\/path><\/svg>\t\t\t\t<\/span>\n\t\t\t<\/div>\n\t\t\t\n\t\t\t\t\t\t<div class=\"elementor-icon-box-content\">\n\n\t\t\t\t\t\t\t\t\t<h3 class=\"elementor-icon-box-title\">\n\t\t\t\t\t\t<span  >\n\t\t\t\t\t\t\tB\u0130Z\u0130 BULUN\t\t\t\t\t\t<\/span>\n\t\t\t\t\t<\/h3>\n\t\t\t\t\n\t\t\t\t\t\t\t\t\t<p class=\"elementor-icon-box-description\">\n\t\t\t\t\t\tMerkez Mah. \u00c7\u00f6kertme Cad. Yal\u0131kavak - Bodrum \/ Mu\u011fla - T\u00fcrkiye 48990\t\t\t\t\t<\/p>\n\t\t\t\t\n\t\t\t<\/div>\n\t\t\t\n\t\t<\/div>\n\t\t\t\t\t\t<\/div>\n\t\t\t\t<\/div>\n\t\t\t\t\t<\/div>\n\t\t<\/div>\n\t\t\t\t<div class=\"elementor-column elementor-col-33 elementor-inner-column elementor-element elementor-element-425bf58\" data-id=\"425bf58\" data-element_type=\"column\" data-e-type=\"column\">\n\t\t\t<div class=\"elementor-widget-wrap elementor-element-populated\">\n\t\t\t\t\t\t<div class=\"elementor-element elementor-element-1a9c006 elementor-view-default elementor-position-block-start elementor-mobile-position-block-start elementor-widget elementor-widget-icon-box\" data-id=\"1a9c006\" data-element_type=\"widget\" data-e-type=\"widget\" data-widget_type=\"icon-box.default\">\n\t\t\t\t<div class=\"elementor-widget-container\">\n\t\t\t\t\t\t\t<div class=\"elementor-icon-box-wrapper\">\n\n\t\t\t\t\t\t<div class=\"elementor-icon-box-icon\">\n\t\t\t\t<a href=\"mailto:reservations@yalikavakmarina.com.tr\" class=\"elementor-icon\" tabindex=\"-1\" aria-label=\"BI\u0307ZE E-POSTA G\u00d6NDERI\u0307N\">\n\t\t\t\t<svg xmlns=\"http:\/\/www.w3.org\/2000\/svg\" width=\"24\" height=\"24\" viewBox=\"0 0 24 24\" fill=\"none\"><path d=\"M21.0477 3.05293C18.8697 0.707363 2.48648 6.4532 2.50001 8.551C2.51535 10.9299 8.89809 11.6617 10.6672 12.1581C11.7311 12.4565 12.016 12.7625 12.2613 13.8781C13.3723 18.9305 13.9301 21.4435 15.2014 21.4996C17.2278 21.5892 23.1733 5.342 21.0477 3.05293Z\" stroke=\"#9D8434\" stroke-width=\"1.5\"><\/path><path d=\"M11.5 12.5L15 8.99998\" stroke=\"#9D8434\" stroke-width=\"1.5\" stroke-linecap=\"round\" stroke-linejoin=\"round\"><\/path><\/svg>\t\t\t\t<\/a>\n\t\t\t<\/div>\n\t\t\t\n\t\t\t\t\t\t<div class=\"elementor-icon-box-content\">\n\n\t\t\t\t\t\t\t\t\t<h3 class=\"elementor-icon-box-title\">\n\t\t\t\t\t\t<a href=\"mailto:reservations@yalikavakmarina.com.tr\" >\n\t\t\t\t\t\t\tBI\u0307ZE E-POSTA G\u00d6NDERI\u0307N\t\t\t\t\t\t<\/a>\n\t\t\t\t\t<\/h3>\n\t\t\t\t\n\t\t\t\t\t\t\t\t\t<p class=\"elementor-icon-box-description\">\n\t\t\t\t\t\treservations@yalikavakmarina.com.tr\t\t\t\t\t<\/p>\n\t\t\t\t\n\t\t\t<\/div>\n\t\t\t\n\t\t<\/div>\n\t\t\t\t\t\t<\/div>\n\t\t\t\t<\/div>\n\t\t\t\t\t<\/div>\n\t\t<\/div>\n\t\t\t\t\t<\/div>\n\t\t<\/section>\n\t\t\t\t<div class=\"elementor-element elementor-element-e9312e3 elementor-widget elementor-widget-spacer\" data-id=\"e9312e3\" data-element_type=\"widget\" data-e-type=\"widget\" data-widget_type=\"spacer.default\">\n\t\t\t\t<div class=\"elementor-widget-container\">\n\t\t\t\t\t\t\t<div class=\"elementor-spacer\">\n\t\t\t<div class=\"elementor-spacer-inner\"><\/div>\n\t\t<\/div>\n\t\t\t\t\t\t<\/div>\n\t\t\t\t<\/div>\n\t\t\t\t<section class=\"elementor-section elementor-inner-section elementor-element elementor-element-2c77877a elementor-section-content-middle elementor-section-boxed elementor-section-height-default elementor-section-height-default elementor-invisible\" data-id=\"2c77877a\" data-element_type=\"section\" data-e-type=\"section\" data-settings=\"{&quot;animation&quot;:&quot;fadeInUp&quot;}\">\n\t\t\t\t\t\t<div class=\"elementor-container elementor-column-gap-default\">\n\t\t\t\t\t<div class=\"elementor-column elementor-col-100 elementor-inner-column elementor-element elementor-element-640dc47f\" data-id=\"640dc47f\" data-element_type=\"column\" data-e-type=\"column\">\n\t\t\t<div class=\"elementor-widget-wrap elementor-element-populated\">\n\t\t\t\t\t\t<div class=\"elementor-element elementor-element-2a5c773 elementor-widget elementor-widget-heading\" data-id=\"2a5c773\" data-element_type=\"widget\" data-e-type=\"widget\" data-widget_type=\"heading.default\">\n\t\t\t\t<div class=\"elementor-widget-container\">\n\t\t\t\t\t<h5 class=\"elementor-heading-title elementor-size-default\">B\u0130ZE YAZIN<\/h5>\t\t\t\t<\/div>\n\t\t\t\t<\/div>\n\t\t\t\t<div class=\"elementor-element elementor-element-42b3c07 elementor-button-align-start elementor-widget elementor-widget-form\" data-id=\"42b3c07\" data-element_type=\"widget\" data-e-type=\"widget\" data-settings=\"{&quot;step_next_label&quot;:&quot;Sonraki&quot;,&quot;step_previous_label&quot;:&quot;\\u00d6nceki&quot;,&quot;button_width&quot;:&quot;100&quot;,&quot;step_type&quot;:&quot;number_text&quot;,&quot;step_icon_shape&quot;:&quot;circle&quot;}\" data-widget_type=\"form.default\">\n\t\t\t\t<div class=\"elementor-widget-container\">\n\t\t\t\t\t\t\t<form class=\"elementor-form\" method=\"post\" name=\"\u0130leti\u015fim Formu\" aria-label=\"\u0130leti\u015fim Formu\">\n\t\t\t<input type=\"hidden\" name=\"post_id\" value=\"1452\"\/>\n\t\t\t<input type=\"hidden\" name=\"form_id\" value=\"42b3c07\"\/>\n\t\t\t<input type=\"hidden\" name=\"referer_title\" value=\"Yal\u0131kavak Marina Hotels\" \/>\n\n\t\t\t\n\t\t\t<div class=\"elementor-form-fields-wrapper elementor-labels-\">\n\t\t\t\t\t\t\t\t<div class=\"elementor-field-type-text elementor-field-group elementor-column elementor-field-group-name elementor-col-33 elementor-field-required\">\n\t\t\t\t\t\t\t\t\t\t\t\t<label for=\"form-field-name\" class=\"elementor-field-label elementor-screen-only\">\n\t\t\t\t\t\t\t\t\u0130lk \u0130sim\t\t\t\t\t\t\t<\/label>\n\t\t\t\t\t\t\t\t\t\t\t\t\t\t<input size=\"1\" type=\"text\" name=\"form_fields[name]\" id=\"form-field-name\" class=\"elementor-field elementor-size-md  elementor-field-textual\" placeholder=\"\u0130lk \u0130sim\" required=\"required\">\n\t\t\t\t\t\t\t\t\t\t\t<\/div>\n\t\t\t\t\t\t\t\t<div class=\"elementor-field-type-text elementor-field-group elementor-column elementor-field-group-field_6ba15bc elementor-col-33 elementor-field-required\">\n\t\t\t\t\t\t\t\t\t\t\t\t<label for=\"form-field-field_6ba15bc\" class=\"elementor-field-label elementor-screen-only\">\n\t\t\t\t\t\t\t\tSoyad\u0131\t\t\t\t\t\t\t<\/label>\n\t\t\t\t\t\t\t\t\t\t\t\t\t\t<input size=\"1\" type=\"text\" name=\"form_fields[field_6ba15bc]\" id=\"form-field-field_6ba15bc\" class=\"elementor-field elementor-size-md  elementor-field-textual\" placeholder=\"Soyad\u0131\" required=\"required\">\n\t\t\t\t\t\t\t\t\t\t\t<\/div>\n\t\t\t\t\t\t\t\t<div class=\"elementor-field-type-email elementor-field-group elementor-column elementor-field-group-field_29e9f3e elementor-col-33 elementor-field-required\">\n\t\t\t\t\t\t\t\t\t\t\t\t<label for=\"form-field-field_29e9f3e\" class=\"elementor-field-label elementor-screen-only\">\n\t\t\t\t\t\t\t\tE-posta\t\t\t\t\t\t\t<\/label>\n\t\t\t\t\t\t\t\t\t\t\t\t\t\t<input size=\"1\" type=\"email\" name=\"form_fields[field_29e9f3e]\" id=\"form-field-field_29e9f3e\" class=\"elementor-field elementor-size-md  elementor-field-textual\" placeholder=\"E-posta\" required=\"required\">\n\t\t\t\t\t\t\t\t\t\t\t<\/div>\n\t\t\t\t\t\t\t\t<div class=\"elementor-field-type-select elementor-field-group elementor-column elementor-field-group-email elementor-col-50\">\n\t\t\t\t\t\t\t\t\t\t\t\t<label for=\"form-field-email\" class=\"elementor-field-label elementor-screen-only\">\n\t\t\t\t\t\t\t\tOtel\t\t\t\t\t\t\t<\/label>\n\t\t\t\t\t\t\t\t<div class=\"elementor-field elementor-select-wrapper remove-before \">\n\t\t\t<div class=\"select-caret-down-wrapper\">\n\t\t\t\t<i aria-hidden=\"true\" class=\"eicon-caret-down\"><\/i>\t\t\t<\/div>\n\t\t\t<select name=\"form_fields[email]\" id=\"form-field-email\" class=\"elementor-field-textual elementor-size-md\">\n\t\t\t\t\t\t\t\t\t<option value=\"Yal\u0131kavak Marina Hotel by Social Living Collection\">Yal\u0131kavak Marina Hotel by Social Living Collection<\/option>\n\t\t\t\t\t\t\t\t\t<option value=\"Yal\u0131kavak Marina Garden Hotel  \">Yal\u0131kavak Marina Garden Hotel  <\/option>\n\t\t\t\t\t\t\t<\/select>\n\t\t<\/div>\n\t\t\t\t\t\t<\/div>\n\t\t\t\t\t\t\t\t<div class=\"elementor-field-type-text elementor-field-group elementor-column elementor-field-group-field_71b7722 elementor-col-50 elementor-field-required\">\n\t\t\t\t\t\t\t\t\t\t\t\t<label for=\"form-field-field_71b7722\" class=\"elementor-field-label elementor-screen-only\">\n\t\t\t\t\t\t\t\tKonu\t\t\t\t\t\t\t<\/label>\n\t\t\t\t\t\t\t\t\t\t\t\t\t\t<input size=\"1\" type=\"text\" name=\"form_fields[field_71b7722]\" id=\"form-field-field_71b7722\" class=\"elementor-field elementor-size-md  elementor-field-textual\" placeholder=\"Konu\" required=\"required\">\n\t\t\t\t\t\t\t\t\t\t\t<\/div>\n\t\t\t\t\t\t\t\t<div class=\"elementor-field-type-textarea elementor-field-group elementor-column elementor-field-group-message elementor-col-100 elementor-field-required\">\n\t\t\t\t\t\t\t\t\t\t\t\t<label for=\"form-field-message\" class=\"elementor-field-label elementor-screen-only\">\n\t\t\t\t\t\t\t\tMesaj\t\t\t\t\t\t\t<\/label>\n\t\t\t\t\t\t<textarea class=\"elementor-field-textual elementor-field  elementor-size-md\" name=\"form_fields[message]\" id=\"form-field-message\" rows=\"4\" placeholder=\"Mesaj\" required=\"required\"><\/textarea>\t\t\t\t<\/div>\n\t\t\t\t\t\t\t\t<div class=\"elementor-field-group elementor-column elementor-field-type-submit elementor-col-100 e-form__buttons\">\n\t\t\t\t\t<button class=\"elementor-button elementor-size-sm\" type=\"submit\">\n\t\t\t\t\t\t<span class=\"elementor-button-content-wrapper\">\n\t\t\t\t\t\t\t\t\t\t\t\t\t\t\t<span class=\"elementor-button-icon\">\n\t\t\t\t\t\t\t\t\t<i aria-hidden=\"true\" class=\"xlwpf wppb-font-right-arrow\"><\/i>\t\t\t\t\t\t\t\t\t\t\t\t\t\t\t\t\t<\/span>\n\t\t\t\t\t\t\t\t\t\t\t\t\t\t\t\t\t\t\t\t\t\t<span class=\"elementor-button-text\">G\u00d6NDER<\/span>\n\t\t\t\t\t\t\t\t\t\t\t\t\t<\/span>\n\t\t\t\t\t<\/button>\n\t\t\t\t<\/div>\n\t\t\t<\/div>\n\t\t<\/form>\n\t\t\t\t\t\t<\/div>\n\t\t\t\t<\/div>\n\t\t\t\t\t<\/div>\n\t\t<\/div>\n\t\t\t\t\t<\/div>\n\t\t<\/section>\n\t\t\t\t\t<\/div>\n\t\t<\/div>\n\t\t\t\t\t<\/div>\n\t\t<\/section>\n\t\t\t\t<\/div>\n\t\t","protected":false},"excerpt":{"rendered":"<p>Bize Ula\u015f\u0131n Yal\u0131kavak Marina Hotel by Social Living Collection&#8217;da canl\u0131 enerjiyi deneyimleyin! Canl\u0131l\u0131k ve zarafetle dolu sofistike oda ve s\u00fcitleri deneyimleyin. Rahatlay\u0131n ve g\u00fczel tasarlanm\u0131\u015f &#8216;Bodrum Evi&#8217; odalar\u0131n\u0131 bulaca\u011f\u0131n\u0131z Yal\u0131kavak Marina\u00ae Garden Hotel&#8217;in davetkar ortam\u0131n\u0131n keyfini \u00e7\u0131kar\u0131n. B\u0130Z\u0130 ARAYIN +90 252 970 0060 B\u0130Z\u0130 BULUN Merkez Mah. \u00c7\u00f6kertme Cad. Yal\u0131kavak &#8211; Bodrum \/ Mu\u011fla &#8211; [&hellip;]<\/p>\n","protected":false},"author":1,"featured_media":0,"parent":0,"menu_order":0,"comment_status":"closed","ping_status":"closed","template":"","meta":{"footnotes":""},"class_list":["post-1452","page","type-page","status-publish","hentry"],"yoast_head":"<!-- This site is optimized with the Yoast SEO plugin v27.2 - https:\/\/yoast.com\/product\/yoast-seo-wordpress\/ -->\n<title>Bize Ula\u015f\u0131n - Yal\u0131kavak Marina Hotels<\/title>\n<meta name=\"robots\" content=\"index, follow, max-snippet:-1, max-image-preview:large, max-video-preview:-1\" \/>\n<link rel=\"canonical\" href=\"https:\/\/yalikavakmarinahotels.com\/tr\/bize-ulasin\/\" \/>\n<meta property=\"og:locale\" content=\"tr_TR\" \/>\n<meta property=\"og:type\" content=\"article\" \/>\n<meta property=\"og:title\" content=\"Bize Ula\u015f\u0131n - Yal\u0131kavak Marina Hotels\" \/>\n<meta property=\"og:description\" content=\"Bize Ula\u015f\u0131n Yal\u0131kavak Marina Hotel by Social Living Collection&#8217;da canl\u0131 enerjiyi deneyimleyin! Canl\u0131l\u0131k ve zarafetle dolu sofistike oda ve s\u00fcitleri deneyimleyin. Rahatlay\u0131n ve g\u00fczel tasarlanm\u0131\u015f &#8216;Bodrum Evi&#8217; odalar\u0131n\u0131 bulaca\u011f\u0131n\u0131z Yal\u0131kavak Marina\u00ae Garden Hotel&#8217;in davetkar ortam\u0131n\u0131n keyfini \u00e7\u0131kar\u0131n. B\u0130Z\u0130 ARAYIN +90 252 970 0060 B\u0130Z\u0130 BULUN Merkez Mah. \u00c7\u00f6kertme Cad. Yal\u0131kavak &#8211; Bodrum \/ Mu\u011fla &#8211; [&hellip;]\" \/>\n<meta property=\"og:url\" content=\"https:\/\/yalikavakmarinahotels.com\/tr\/bize-ulasin\/\" \/>\n<meta property=\"og:site_name\" content=\"Yal\u0131kavak Marina Hotels\" \/>\n<meta property=\"article:modified_time\" content=\"2026-03-26T08:58:50+00:00\" \/>\n<meta name=\"twitter:card\" content=\"summary_large_image\" \/>\n<script type=\"application\/ld+json\" class=\"yoast-schema-graph\">{\"@context\":\"https:\/\/schema.org\",\"@graph\":[{\"@type\":\"WebPage\",\"@id\":\"https:\/\/yalikavakmarinahotels.com\/tr\/bize-ulasin\/\",\"url\":\"https:\/\/yalikavakmarinahotels.com\/tr\/bize-ulasin\/\",\"name\":\"Bize Ula\u015f\u0131n - Yal\u0131kavak Marina Hotels\",\"isPartOf\":{\"@id\":\"https:\/\/yalikavakmarinahotels.com\/#website\"},\"datePublished\":\"2023-07-20T06:56:07+00:00\",\"dateModified\":\"2026-03-26T08:58:50+00:00\",\"breadcrumb\":{\"@id\":\"https:\/\/yalikavakmarinahotels.com\/tr\/bize-ulasin\/#breadcrumb\"},\"inLanguage\":\"tr\",\"potentialAction\":[{\"@type\":\"ReadAction\",\"target\":[\"https:\/\/yalikavakmarinahotels.com\/tr\/bize-ulasin\/\"]}]},{\"@type\":\"BreadcrumbList\",\"@id\":\"https:\/\/yalikavakmarinahotels.com\/tr\/bize-ulasin\/#breadcrumb\",\"itemListElement\":[{\"@type\":\"ListItem\",\"position\":1,\"name\":\"Home\",\"item\":\"https:\/\/yalikavakmarinahotels.com\/tr\/\"},{\"@type\":\"ListItem\",\"position\":2,\"name\":\"Bize Ula\u015f\u0131n\"}]},{\"@type\":\"WebSite\",\"@id\":\"https:\/\/yalikavakmarinahotels.com\/#website\",\"url\":\"https:\/\/yalikavakmarinahotels.com\/\",\"name\":\"Yal\u0131kavak Marina Hotels\",\"description\":\"\",\"publisher\":{\"@id\":\"https:\/\/yalikavakmarinahotels.com\/#organization\"},\"potentialAction\":[{\"@type\":\"SearchAction\",\"target\":{\"@type\":\"EntryPoint\",\"urlTemplate\":\"https:\/\/yalikavakmarinahotels.com\/?s={search_term_string}\"},\"query-input\":{\"@type\":\"PropertyValueSpecification\",\"valueRequired\":true,\"valueName\":\"search_term_string\"}}],\"inLanguage\":\"tr\"},{\"@type\":\"Organization\",\"@id\":\"https:\/\/yalikavakmarinahotels.com\/#organization\",\"name\":\"Yal\u0131kavak Marina Hotels\",\"url\":\"https:\/\/yalikavakmarinahotels.com\/\",\"logo\":{\"@type\":\"ImageObject\",\"inLanguage\":\"tr\",\"@id\":\"https:\/\/yalikavakmarinahotels.com\/#\/schema\/logo\/image\/\",\"url\":\"https:\/\/yalikavakmarinahotels.com\/wp-content\/uploads\/2023\/09\/cropped-Asset-2-1.png\",\"contentUrl\":\"https:\/\/yalikavakmarinahotels.com\/wp-content\/uploads\/2023\/09\/cropped-Asset-2-1.png\",\"width\":76,\"height\":71,\"caption\":\"Yal\u0131kavak Marina Hotels\"},\"image\":{\"@id\":\"https:\/\/yalikavakmarinahotels.com\/#\/schema\/logo\/image\/\"}}]}<\/script>\n<!-- \/ Yoast SEO plugin. -->","yoast_head_json":{"title":"Bize Ula\u015f\u0131n - Yal\u0131kavak Marina Hotels","robots":{"index":"index","follow":"follow","max-snippet":"max-snippet:-1","max-image-preview":"max-image-preview:large","max-video-preview":"max-video-preview:-1"},"canonical":"https:\/\/yalikavakmarinahotels.com\/tr\/bize-ulasin\/","og_locale":"tr_TR","og_type":"article","og_title":"Bize Ula\u015f\u0131n - Yal\u0131kavak Marina Hotels","og_description":"Bize Ula\u015f\u0131n Yal\u0131kavak Marina Hotel by Social Living Collection&#8217;da canl\u0131 enerjiyi deneyimleyin! Canl\u0131l\u0131k ve zarafetle dolu sofistike oda ve s\u00fcitleri deneyimleyin. Rahatlay\u0131n ve g\u00fczel tasarlanm\u0131\u015f &#8216;Bodrum Evi&#8217; odalar\u0131n\u0131 bulaca\u011f\u0131n\u0131z Yal\u0131kavak Marina\u00ae Garden Hotel&#8217;in davetkar ortam\u0131n\u0131n keyfini \u00e7\u0131kar\u0131n. B\u0130Z\u0130 ARAYIN +90 252 970 0060 B\u0130Z\u0130 BULUN Merkez Mah. \u00c7\u00f6kertme Cad. Yal\u0131kavak &#8211; Bodrum \/ Mu\u011fla &#8211; [&hellip;]","og_url":"https:\/\/yalikavakmarinahotels.com\/tr\/bize-ulasin\/","og_site_name":"Yal\u0131kavak Marina Hotels","article_modified_time":"2026-03-26T08:58:50+00:00","twitter_card":"summary_large_image","schema":{"@context":"https:\/\/schema.org","@graph":[{"@type":"WebPage","@id":"https:\/\/yalikavakmarinahotels.com\/tr\/bize-ulasin\/","url":"https:\/\/yalikavakmarinahotels.com\/tr\/bize-ulasin\/","name":"Bize Ula\u015f\u0131n - Yal\u0131kavak Marina Hotels","isPartOf":{"@id":"https:\/\/yalikavakmarinahotels.com\/#website"},"datePublished":"2023-07-20T06:56:07+00:00","dateModified":"2026-03-26T08:58:50+00:00","breadcrumb":{"@id":"https:\/\/yalikavakmarinahotels.com\/tr\/bize-ulasin\/#breadcrumb"},"inLanguage":"tr","potentialAction":[{"@type":"ReadAction","target":["https:\/\/yalikavakmarinahotels.com\/tr\/bize-ulasin\/"]}]},{"@type":"BreadcrumbList","@id":"https:\/\/yalikavakmarinahotels.com\/tr\/bize-ulasin\/#breadcrumb","itemListElement":[{"@type":"ListItem","position":1,"name":"Home","item":"https:\/\/yalikavakmarinahotels.com\/tr\/"},{"@type":"ListItem","position":2,"name":"Bize Ula\u015f\u0131n"}]},{"@type":"WebSite","@id":"https:\/\/yalikavakmarinahotels.com\/#website","url":"https:\/\/yalikavakmarinahotels.com\/","name":"Yal\u0131kavak Marina Hotels","description":"","publisher":{"@id":"https:\/\/yalikavakmarinahotels.com\/#organization"},"potentialAction":[{"@type":"SearchAction","target":{"@type":"EntryPoint","urlTemplate":"https:\/\/yalikavakmarinahotels.com\/?s={search_term_string}"},"query-input":{"@type":"PropertyValueSpecification","valueRequired":true,"valueName":"search_term_string"}}],"inLanguage":"tr"},{"@type":"Organization","@id":"https:\/\/yalikavakmarinahotels.com\/#organization","name":"Yal\u0131kavak Marina Hotels","url":"https:\/\/yalikavakmarinahotels.com\/","logo":{"@type":"ImageObject","inLanguage":"tr","@id":"https:\/\/yalikavakmarinahotels.com\/#\/schema\/logo\/image\/","url":"https:\/\/yalikavakmarinahotels.com\/wp-content\/uploads\/2023\/09\/cropped-Asset-2-1.png","contentUrl":"https:\/\/yalikavakmarinahotels.com\/wp-content\/uploads\/2023\/09\/cropped-Asset-2-1.png","width":76,"height":71,"caption":"Yal\u0131kavak Marina Hotels"},"image":{"@id":"https:\/\/yalikavakmarinahotels.com\/#\/schema\/logo\/image\/"}}]}},"_links":{"self":[{"href":"https:\/\/yalikavakmarinahotels.com\/tr\/wp-json\/wp\/v2\/pages\/1452","targetHints":{"allow":["GET"]}}],"collection":[{"href":"https:\/\/yalikavakmarinahotels.com\/tr\/wp-json\/wp\/v2\/pages"}],"about":[{"href":"https:\/\/yalikavakmarinahotels.com\/tr\/wp-json\/wp\/v2\/types\/page"}],"author":[{"embeddable":true,"href":"https:\/\/yalikavakmarinahotels.com\/tr\/wp-json\/wp\/v2\/users\/1"}],"replies":[{"embeddable":true,"href":"https:\/\/yalikavakmarinahotels.com\/tr\/wp-json\/wp\/v2\/comments?post=1452"}],"version-history":[{"count":20,"href":"https:\/\/yalikavakmarinahotels.com\/tr\/wp-json\/wp\/v2\/pages\/1452\/revisions"}],"predecessor-version":[{"id":2457,"href":"https:\/\/yalikavakmarinahotels.com\/tr\/wp-json\/wp\/v2\/pages\/1452\/revisions\/2457"}],"wp:attachment":[{"href":"https:\/\/yalikavakmarinahotels.com\/tr\/wp-json\/wp\/v2\/media?parent=1452"}],"curies":[{"name":"wp","href":"https:\/\/api.w.org\/{rel}","templated":true}]}}